{"id":70,"date":"2026-04-29T13:36:25","date_gmt":"2026-04-29T13:36:25","guid":{"rendered":"https:\/\/crazy-hopper.185-178-193-218.plesk.page\/?page_id=70"},"modified":"2026-05-09T13:26:58","modified_gmt":"2026-05-09T13:26:58","slug":"kontakt","status":"publish","type":"page","link":"https:\/\/crazy-hopper.185-178-193-218.plesk.page\/?page_id=70","title":{"rendered":"Kontakt"},"content":{"rendered":"\t\t<div data-elementor-type=\"wp-page\" data-elementor-id=\"70\" class=\"elementor elementor-70\">\n\t\t\t\t\t\t<div class=\"elementor-element elementor-element-f00fdf1 e-con e-atomic-element e-flexbox-base e-f00fdf1-48fa538\" data-id=\"f00fdf1\" data-element_type=\"e-flexbox\" data-e-type=\"e-flexbox\" data-interaction-id=\"f00fdf1\">\n\t\t\t\t\t\t\t<h2 \n\t\tdata-interaction-id=\"946a6b3\" \n\t\tclass=\"e-946a6b3-8871643 e-heading-base\" \n\t\t \n\t\t\n\t>\n\t\n\t\t\tWein &amp; W\u00fcrde\n\t\t<\/h2>\n\t\t\t\t\t\t\t\t<p class=\"e-paragraph-base\" data-interaction-id=\"04f512c\"  >\n\t\t\t\t\t\t\t\t<br>Johannes Klose \u00b7 Samuel Zeno Lanz \u00b7 Leonie Anna Hofmann \u00b7 Valentina Bors<br>Himmelstra\u00dfe 130<br>1190 Wien<br>\u00d6sterreich<br><br>Unsere Weine sind mit Sorgfalt ausgew\u00e4hlt und direkt bei uns erh\u00e4ltlich \u2013 auf Wunsch auch unkompliziert per Versand zu dir nach Hause.<br><br>E-Mail: contact@weinuwuerde.at<br>Telefon: +43 664 123456<br><br><strong id=\"e-mot3i691-93ji2p9\">Anfahrt<\/strong><br>Unser Standort im 19. Bezirk vereint ruhige Lage mit hervorragender Erreichbarkeit. Ob \u00f6ffentlich oder mit dem Auto \u2013 der Weg zu uns ist angenehm und unkompliziert.<br><br>Wir freuen uns, Sie bei uns willkommen zu hei\u00dfen.<br>\n\t\t\t\t\t<\/p>\n\t\t\t\t<div class=\"elementor-element elementor-element-596639e elementor-widget elementor-widget-google_maps\" data-id=\"596639e\" data-element_type=\"widget\" data-e-type=\"widget\" data-widget_type=\"google_maps.default\">\n\t\t\t\t\t\t\t<div class=\"elementor-custom-embed\">\n\t\t\t<iframe loading=\"lazy\"\n\t\t\t\t\tsrc=\"https:\/\/maps.google.com\/maps?q=Himmelstra%C3%9Fe%20130%2C%201190%20Wien&#038;t=m&#038;z=11&#038;output=embed&#038;iwloc=near\"\n\t\t\t\t\ttitle=\"Himmelstra\u00dfe 130, 1190 Wien\"\n\t\t\t\t\taria-label=\"Himmelstra\u00dfe 130, 1190 Wien\"\n\t\t\t><\/iframe>\n\t\t<\/div>\n\t\t\t\t\t\t<\/div>\n\t\t\t\t\t\t\t\t<p class=\"e-64898b6-ceb2faa e-paragraph-base\" data-interaction-id=\"64898b6\"  >\n\t\t\t\t\t\t\t\t<br><strong id=\"e-moydofl6-7h7pf0q\">Impressum<\/strong><br>Wein &amp; W\u00fcrde ist ein in Wien ans\u00e4ssiges Kollektiv, gegr\u00fcndet von Johannes Klose, Samuel Zeno Lanz, Leonie Anna Hofmann und Valentina Bors. Der Fokus liegt auf dem Handel sorgf\u00e4ltig, ausgew\u00e4hlter hochwertiger Weine.<br><br>Sitz des Unternehmens ist die Himmelstra\u00dfe 130, 1190 Wien, \u00d6sterreich.<br><br>F\u00fcr den Inhalt dieser Website verantwortlich ist Wein &amp; W\u00fcrde, vertreten durch die genannten Gr\u00fcnder:innen.\n\t\t\t\t\t<\/p>\n\t\t\t\t<\/div>\n\t\t\t\t<\/div>\n\t\t","protected":false},"excerpt":{"rendered":"<p>Wein &amp; W\u00fcrde Johannes Klose \u00b7 Samuel Zeno Lanz \u00b7 Leonie Anna Hofmann \u00b7 Valentina BorsHimmelstra\u00dfe 1301190 Wien\u00d6sterreich Unsere Weine sind mit Sorgfalt ausgew\u00e4hlt und direkt bei uns erh\u00e4ltlich \u2013 auf Wunsch auch unkompliziert per Versand zu dir nach Hause. E-Mail: contact@weinuwuerde.atTelefon: +43 664 123456 AnfahrtUnser Standort im 19. Bezirk vereint ruhige Lage mit hervorragender &hellip; <\/p>\n","protected":false},"author":5,"featured_media":0,"parent":0,"menu_order":0,"comment_status":"closed","ping_status":"closed","template":"","meta":{"footnotes":""},"class_list":["post-70","page","type-page","status-publish","hentry"],"jetpack_sharing_enabled":true,"_links":{"self":[{"href":"https:\/\/crazy-hopper.185-178-193-218.plesk.page\/index.php?rest_route=\/wp\/v2\/pages\/70","targetHints":{"allow":["GET"]}}],"collection":[{"href":"https:\/\/crazy-hopper.185-178-193-218.plesk.page\/index.php?rest_route=\/wp\/v2\/pages"}],"about":[{"href":"https:\/\/crazy-hopper.185-178-193-218.plesk.page\/index.php?rest_route=\/wp\/v2\/types\/page"}],"author":[{"embeddable":true,"href":"https:\/\/crazy-hopper.185-178-193-218.plesk.page\/index.php?rest_route=\/wp\/v2\/users\/5"}],"replies":[{"embeddable":true,"href":"https:\/\/crazy-hopper.185-178-193-218.plesk.page\/index.php?rest_route=%2Fwp%2Fv2%2Fcomments&post=70"}],"version-history":[{"count":10,"href":"https:\/\/crazy-hopper.185-178-193-218.plesk.page\/index.php?rest_route=\/wp\/v2\/pages\/70\/revisions"}],"predecessor-version":[{"id":178,"href":"https:\/\/crazy-hopper.185-178-193-218.plesk.page\/index.php?rest_route=\/wp\/v2\/pages\/70\/revisions\/178"}],"wp:attachment":[{"href":"https:\/\/crazy-hopper.185-178-193-218.plesk.page\/index.php?rest_route=%2Fwp%2Fv2%2Fmedia&parent=70"}],"curies":[{"name":"wp","href":"https:\/\/api.w.org\/{rel}","templated":true}]}}